{"id":21,"date":"2020-03-28T20:49:17","date_gmt":"2020-03-28T20:49:17","guid":{"rendered":"http:\/\/slowlife.ludwigmuseum.hu\/?page_id=21"},"modified":"2021-08-02T13:31:03","modified_gmt":"2021-08-02T13:31:03","slug":"kapcsolat","status":"publish","type":"page","link":"https:\/\/slowlife.ludwigmuseum.hu\/de\/kapcsolat\/","title":{"rendered":"Kontakt"},"content":{"rendered":"<p><a href=\"http:\/\/slowlife.ludwigmuseum.hu\/intro\/attachment\/lumu-koblenz-2\/\" rel=\"attachment wp-att-1213\"><img loading=\"lazy\" decoding=\"async\" class=\"alignnone  wp-image-1213\" src=\"http:\/\/slowlife.ludwigmuseum.hu\/wp-content\/uploads\/2020\/10\/lumu-koblenz-1-800x265.jpg\" alt=\"\" width=\"290\" height=\"96\" srcset=\"https:\/\/slowlife.ludwigmuseum.hu\/wp-content\/uploads\/2020\/10\/lumu-koblenz-1-800x265.jpg 800w, https:\/\/slowlife.ludwigmuseum.hu\/wp-content\/uploads\/2020\/10\/lumu-koblenz-1-768x254.jpg 768w, https:\/\/slowlife.ludwigmuseum.hu\/wp-content\/uploads\/2020\/10\/lumu-koblenz-1.jpg 1181w\" sizes=\"auto, (max-width: 290px) 100vw, 290px\" \/><\/a><\/p>\n<p><strong>Ludwig Museum Koblenz<\/strong><\/p>\n<p><strong>Koordination, Ausstellungsplanung:<br \/>\n<\/strong>Prof. Dr. Beate Reifenscheid<br \/>\nLarissa Wesp, M.A.<\/p>\n<p><strong>PR, Pressearbeit, Soziale Medien:<br \/>\n<\/strong>Larissa Wesp: <a href=\"mailto:larissa.wesp@stadt.koblenz.de\">larissa.wesp@stadt.koblenz.de<\/a><br \/>\nSuzana Leu: <a href=\"mailto:suzana.leu@stadt.koblenz.de\">suzana.leu@stadt.koblenz.de<\/a><\/p>\n<p><strong>Kasse &amp; Informationen:<\/strong><br \/>\n<a href=\"mailto:Kasse.Ludwig-Museum@stadt.koblenz.de\">Kasse.Ludwig-Museum@stadt.koblenz.de<\/a>, Tel. 0261-30 40 416<\/p>\n<p><strong>\u00dcbersetzungen:<\/strong><br \/>\nSusanne Bauer, Barbara Leers, Larissa Wesp<\/p>\n<p>&nbsp;<\/p>\n<p><a href=\"http:\/\/slowlife.ludwigmuseum.hu\/intro\/attachment\/ludwig_logo_vert_en_red-2\/\" rel=\"attachment wp-att-1214\"><img loading=\"lazy\" decoding=\"async\" class=\"alignnone  wp-image-1214\" src=\"http:\/\/slowlife.ludwigmuseum.hu\/wp-content\/uploads\/2020\/10\/Ludwig_logo_VERT_EN_RED-1-800x533.jpg\" alt=\"\" width=\"290\" height=\"193\" srcset=\"https:\/\/slowlife.ludwigmuseum.hu\/wp-content\/uploads\/2020\/10\/Ludwig_logo_VERT_EN_RED-1-800x533.jpg 800w, https:\/\/slowlife.ludwigmuseum.hu\/wp-content\/uploads\/2020\/10\/Ludwig_logo_VERT_EN_RED-1-1250x833.jpg 1250w, https:\/\/slowlife.ludwigmuseum.hu\/wp-content\/uploads\/2020\/10\/Ludwig_logo_VERT_EN_RED-1-768x512.jpg 768w, https:\/\/slowlife.ludwigmuseum.hu\/wp-content\/uploads\/2020\/10\/Ludwig_logo_VERT_EN_RED-1-1536x1024.jpg 1536w, https:\/\/slowlife.ludwigmuseum.hu\/wp-content\/uploads\/2020\/10\/Ludwig_logo_VERT_EN_RED-1-2048x1365.jpg 2048w, https:\/\/slowlife.ludwigmuseum.hu\/wp-content\/uploads\/2020\/10\/Ludwig_logo_VERT_EN_RED-1-1200x800.jpg 1200w, https:\/\/slowlife.ludwigmuseum.hu\/wp-content\/uploads\/2020\/10\/Ludwig_logo_VERT_EN_RED-1-1980x1320.jpg 1980w\" sizes=\"auto, (max-width: 290px) 100vw, 290px\" \/><\/a><\/p>\n<p><strong>Ludwig Museum Budapest<\/strong><\/p>\n<p><strong>Kuratoren (Museum Ludwig Budapest):<\/strong><br \/>\nPetra Csizek, Jan Elantkowski, J\u00f3zsef K\u00e9szman, Zsuzska Petr\u00f3, Vikt\u00f3ria Popovics, Krisztina \u00dcveges<\/p>\n<p><strong>PR und Pressearbeit (Museum Ludwig Budapest)<\/strong>: Gabriella Rothman <a href=\"mailto:rothman.gabriella@ludwigmuseum.hu\">rothman.gabriella@ludwigmuseum.hu<\/a><br \/>\n<strong>Soziale Medien (Budapest)<\/strong>: \u00c1gnes Somogyv\u00e1ri<\/p>\n<p><strong>Registrarin:<\/strong> Helga Gerencs\u00e9r-Herendi<\/p>\n<p><strong>Online-Programme:<\/strong> N\u00f3ra Dem\u0151k<\/p>\n<p><strong>Korrektur:<\/strong> \u00c1gnes Ivacs<\/p>\n<p><strong>\u00dcbersetzung:<\/strong> \u00c9va Havancs\u00e1k, \u00c1gnes Ivacs, Linda N\u00e9meth, D\u00e1niel Sipos<\/p>\n<p><strong>Entwurf: <\/strong>Endre Koronczi<\/p>\n<p><strong>\u00a0<\/strong><\/p>\n<p><strong>Webentwickler: <\/strong>Andr\u00e1s Sz\u0151nyi<\/p>\n<p>\u00a9 die K\u00fcnstler, die Autoren, die \u00dcbersetzer und die Fotografen<\/p>","protected":false},"excerpt":{"rendered":"<p>Ludwig Museum Koblenz Koordination, Ausstellungsplanung: Prof. Dr. Beate Reifenscheid Larissa Wesp, M.A. PR, Pressearbeit, Soziale Medien: Larissa Wesp: larissa.wesp@stadt.koblenz.de Suzana Leu: suzana.leu@stadt.koblenz.de Kasse &amp; Informationen: Kasse.Ludwig-Museum@stadt.koblenz.de, Tel. 0261-30 40 416 \u00dcbersetzungen: Susanne Bauer, Barbara Leers, Larissa Wesp &nbsp; Ludwig Museum Budapest Kuratoren (Museum Ludwig Budapest): Petra Csizek, Jan Elantkowski, J\u00f3zsef K\u00e9szman, Zsuzska Petr\u00f3, Vikt\u00f3ria Popovics, [&hellip;]<\/p>\n","protected":false},"author":1,"featured_media":0,"parent":0,"menu_order":0,"comment_status":"closed","ping_status":"closed","template":"","meta":{"footnotes":""},"class_list":["post-21","page","type-page","status-publish","hentry"],"yoast_head":"<!-- This site is optimized with the Yoast SEO plugin v27.2 - https:\/\/yoast.com\/product\/yoast-seo-wordpress\/ -->\n<title>Kontakt - SLOW LIFE.<\/title>\n<meta name=\"robots\" content=\"index, follow, max-snippet:-1, max-image-preview:large, max-video-preview:-1\" \/>\n<link rel=\"canonical\" href=\"https:\/\/slowlife.ludwigmuseum.hu\/kapcsolat\/\" \/>\n<meta property=\"og:locale\" content=\"de_DE\" \/>\n<meta property=\"og:type\" content=\"article\" \/>\n<meta property=\"og:title\" content=\"[:hu]Kapcsolat[:en]Contact[:de]Kontakt[:] - SLOW LIFE.\" \/>\n<meta property=\"og:description\" content=\"Ludwig Museum Koblenz Koordination, Ausstellungsplanung: Prof. Dr. Beate Reifenscheid Larissa Wesp, M.A. PR, Pressearbeit, Soziale Medien: Larissa Wesp: larissa.wesp@stadt.koblenz.de Suzana Leu: suzana.leu@stadt.koblenz.de Kasse &amp; Informationen: Kasse.Ludwig-Museum@stadt.koblenz.de, Tel. 0261-30 40 416 \u00dcbersetzungen: Susanne Bauer, Barbara Leers, Larissa Wesp &nbsp; Ludwig Museum Budapest Kuratoren (Museum Ludwig Budapest): Petra Csizek, Jan Elantkowski, J\u00f3zsef K\u00e9szman, Zsuzska Petr\u00f3, Vikt\u00f3ria Popovics, [&hellip;]\" \/>\n<meta property=\"og:url\" content=\"https:\/\/slowlife.ludwigmuseum.hu\/kapcsolat\/\" \/>\n<meta property=\"og:site_name\" content=\"SLOW LIFE.\" \/>\n<meta property=\"article:modified_time\" content=\"2021-08-02T13:31:03+00:00\" \/>\n<meta property=\"og:image\" content=\"https:\/\/slowlife.ludwigmuseum.hu\/wp-content\/uploads\/2020\/04\/slowlife_1200x630.png\" \/>\n\t<meta property=\"og:image:width\" content=\"1200\" \/>\n\t<meta property=\"og:image:height\" content=\"630\" \/>\n\t<meta property=\"og:image:type\" content=\"image\/png\" \/>\n<meta name=\"twitter:card\" content=\"summary_large_image\" \/>\n<meta name=\"twitter:image\" content=\"https:\/\/slowlife.ludwigmuseum.hu\/wp-content\/uploads\/2020\/04\/slowlife_1024x512.png\" \/>\n<meta name=\"twitter:label1\" content=\"Gesch\u00e4tzte Lesezeit\" \/>\n\t<meta name=\"twitter:data1\" content=\"2\u00a0Minuten\" \/>\n<script type=\"application\/ld+json\" class=\"yoast-schema-graph\">{\"@context\":\"https:\/\/schema.org\",\"@graph\":[{\"@type\":\"WebPage\",\"@id\":\"https:\/\/slowlife.ludwigmuseum.hu\/kapcsolat\/\",\"url\":\"https:\/\/slowlife.ludwigmuseum.hu\/kapcsolat\/\",\"name\":\"[:hu]Kapcsolat[:en]Contact[:de]Kontakt[:] - SLOW LIFE.\",\"isPartOf\":{\"@id\":\"https:\/\/slowlife.ludwigmuseum.hu\/de\/#website\"},\"primaryImageOfPage\":{\"@id\":\"https:\/\/slowlife.ludwigmuseum.hu\/kapcsolat\/#primaryimage\"},\"image\":{\"@id\":\"https:\/\/slowlife.ludwigmuseum.hu\/kapcsolat\/#primaryimage\"},\"thumbnailUrl\":\"http:\/\/slowlife.ludwigmuseum.hu\/wp-content\/uploads\/2020\/10\/lumu-koblenz-1-800x265.jpg\",\"datePublished\":\"2020-03-28T20:49:17+00:00\",\"dateModified\":\"2021-08-02T13:31:03+00:00\",\"breadcrumb\":{\"@id\":\"https:\/\/slowlife.ludwigmuseum.hu\/kapcsolat\/#breadcrumb\"},\"inLanguage\":\"de\",\"potentialAction\":[{\"@type\":\"ReadAction\",\"target\":[\"https:\/\/slowlife.ludwigmuseum.hu\/kapcsolat\/\"]}]},{\"@type\":\"ImageObject\",\"inLanguage\":\"de\",\"@id\":\"https:\/\/slowlife.ludwigmuseum.hu\/kapcsolat\/#primaryimage\",\"url\":\"http:\/\/slowlife.ludwigmuseum.hu\/wp-content\/uploads\/2020\/10\/lumu-koblenz-1-800x265.jpg\",\"contentUrl\":\"http:\/\/slowlife.ludwigmuseum.hu\/wp-content\/uploads\/2020\/10\/lumu-koblenz-1-800x265.jpg\"},{\"@type\":\"BreadcrumbList\",\"@id\":\"https:\/\/slowlife.ludwigmuseum.hu\/kapcsolat\/#breadcrumb\",\"itemListElement\":[{\"@type\":\"ListItem\",\"position\":1,\"name\":\"Home\",\"item\":\"https:\/\/slowlife.ludwigmuseum.hu\/de\/\"},{\"@type\":\"ListItem\",\"position\":2,\"name\":\"Kapcsolat\"}]},{\"@type\":\"WebSite\",\"@id\":\"https:\/\/slowlife.ludwigmuseum.hu\/de\/#website\",\"url\":\"https:\/\/slowlife.ludwigmuseum.hu\/de\/\",\"name\":\"SLOW LIFE.\",\"description\":\"Radikale Praktiken des Alltags\",\"potentialAction\":[{\"@type\":\"SearchAction\",\"target\":{\"@type\":\"EntryPoint\",\"urlTemplate\":\"https:\/\/slowlife.ludwigmuseum.hu\/de\/?s={search_term_string}\"},\"query-input\":{\"@type\":\"PropertyValueSpecification\",\"valueRequired\":true,\"valueName\":\"search_term_string\"}}],\"inLanguage\":\"de\"}]}<\/script>\n<!-- \/ Yoast SEO plugin. -->","yoast_head_json":{"title":"[:hu]Kapcsolat[:en]Contact[:de]Kontakt[:] - SLOW LIFE.","robots":{"index":"index","follow":"follow","max-snippet":"max-snippet:-1","max-image-preview":"max-image-preview:large","max-video-preview":"max-video-preview:-1"},"canonical":"https:\/\/slowlife.ludwigmuseum.hu\/kapcsolat\/","og_locale":"de_DE","og_type":"article","og_title":"[:hu]Kapcsolat[:en]Contact[:de]Kontakt[:] - SLOW LIFE.","og_description":"Ludwig Museum Koblenz Koordination, Ausstellungsplanung: Prof. Dr. Beate Reifenscheid Larissa Wesp, M.A. PR, Pressearbeit, Soziale Medien: Larissa Wesp: larissa.wesp@stadt.koblenz.de Suzana Leu: suzana.leu@stadt.koblenz.de Kasse &amp; Informationen: Kasse.Ludwig-Museum@stadt.koblenz.de, Tel. 0261-30 40 416 \u00dcbersetzungen: Susanne Bauer, Barbara Leers, Larissa Wesp &nbsp; Ludwig Museum Budapest Kuratoren (Museum Ludwig Budapest): Petra Csizek, Jan Elantkowski, J\u00f3zsef K\u00e9szman, Zsuzska Petr\u00f3, Vikt\u00f3ria Popovics, [&hellip;]","og_url":"https:\/\/slowlife.ludwigmuseum.hu\/kapcsolat\/","og_site_name":"SLOW LIFE.","article_modified_time":"2021-08-02T13:31:03+00:00","og_image":[{"width":1200,"height":630,"url":"https:\/\/slowlife.ludwigmuseum.hu\/wp-content\/uploads\/2020\/04\/slowlife_1200x630.png","type":"image\/png"}],"twitter_card":"summary_large_image","twitter_image":"https:\/\/slowlife.ludwigmuseum.hu\/wp-content\/uploads\/2020\/04\/slowlife_1024x512.png","twitter_misc":{"Gesch\u00e4tzte Lesezeit":"2\u00a0Minuten"},"schema":{"@context":"https:\/\/schema.org","@graph":[{"@type":"WebPage","@id":"https:\/\/slowlife.ludwigmuseum.hu\/kapcsolat\/","url":"https:\/\/slowlife.ludwigmuseum.hu\/kapcsolat\/","name":"[:hu]Kapcsolat[:en]Contact[:de]Kontakt[:] - SLOW LIFE.","isPartOf":{"@id":"https:\/\/slowlife.ludwigmuseum.hu\/de\/#website"},"primaryImageOfPage":{"@id":"https:\/\/slowlife.ludwigmuseum.hu\/kapcsolat\/#primaryimage"},"image":{"@id":"https:\/\/slowlife.ludwigmuseum.hu\/kapcsolat\/#primaryimage"},"thumbnailUrl":"http:\/\/slowlife.ludwigmuseum.hu\/wp-content\/uploads\/2020\/10\/lumu-koblenz-1-800x265.jpg","datePublished":"2020-03-28T20:49:17+00:00","dateModified":"2021-08-02T13:31:03+00:00","breadcrumb":{"@id":"https:\/\/slowlife.ludwigmuseum.hu\/kapcsolat\/#breadcrumb"},"inLanguage":"de","potentialAction":[{"@type":"ReadAction","target":["https:\/\/slowlife.ludwigmuseum.hu\/kapcsolat\/"]}]},{"@type":"ImageObject","inLanguage":"de","@id":"https:\/\/slowlife.ludwigmuseum.hu\/kapcsolat\/#primaryimage","url":"http:\/\/slowlife.ludwigmuseum.hu\/wp-content\/uploads\/2020\/10\/lumu-koblenz-1-800x265.jpg","contentUrl":"http:\/\/slowlife.ludwigmuseum.hu\/wp-content\/uploads\/2020\/10\/lumu-koblenz-1-800x265.jpg"},{"@type":"BreadcrumbList","@id":"https:\/\/slowlife.ludwigmuseum.hu\/kapcsolat\/#breadcrumb","itemListElement":[{"@type":"ListItem","position":1,"name":"Home","item":"https:\/\/slowlife.ludwigmuseum.hu\/de\/"},{"@type":"ListItem","position":2,"name":"Kapcsolat"}]},{"@type":"WebSite","@id":"https:\/\/slowlife.ludwigmuseum.hu\/de\/#website","url":"https:\/\/slowlife.ludwigmuseum.hu\/de\/","name":"SLOW LIFE.","description":"Radikale Praktiken des Alltags","potentialAction":[{"@type":"SearchAction","target":{"@type":"EntryPoint","urlTemplate":"https:\/\/slowlife.ludwigmuseum.hu\/de\/?s={search_term_string}"},"query-input":{"@type":"PropertyValueSpecification","valueRequired":true,"valueName":"search_term_string"}}],"inLanguage":"de"}]}},"_links":{"self":[{"href":"https:\/\/slowlife.ludwigmuseum.hu\/de\/wp-json\/wp\/v2\/pages\/21","targetHints":{"allow":["GET"]}}],"collection":[{"href":"https:\/\/slowlife.ludwigmuseum.hu\/de\/wp-json\/wp\/v2\/pages"}],"about":[{"href":"https:\/\/slowlife.ludwigmuseum.hu\/de\/wp-json\/wp\/v2\/types\/page"}],"author":[{"embeddable":true,"href":"https:\/\/slowlife.ludwigmuseum.hu\/de\/wp-json\/wp\/v2\/users\/1"}],"replies":[{"embeddable":true,"href":"https:\/\/slowlife.ludwigmuseum.hu\/de\/wp-json\/wp\/v2\/comments?post=21"}],"version-history":[{"count":13,"href":"https:\/\/slowlife.ludwigmuseum.hu\/de\/wp-json\/wp\/v2\/pages\/21\/revisions"}],"predecessor-version":[{"id":1568,"href":"https:\/\/slowlife.ludwigmuseum.hu\/de\/wp-json\/wp\/v2\/pages\/21\/revisions\/1568"}],"wp:attachment":[{"href":"https:\/\/slowlife.ludwigmuseum.hu\/de\/wp-json\/wp\/v2\/media?parent=21"}],"curies":[{"name":"wp","href":"https:\/\/api.w.org\/{rel}","templated":true}]}}