{"id":42,"date":"2020-03-28T23:47:52","date_gmt":"2020-03-28T23:47:52","guid":{"rendered":"http:\/\/slowlife.ludwigmuseum.hu\/?page_id=42"},"modified":"2020-09-17T15:16:50","modified_gmt":"2020-09-17T15:16:50","slug":"nyitolap","status":"publish","type":"page","link":"https:\/\/slowlife.ludwigmuseum.hu\/de\/","title":{"rendered":"STARTSEITE"},"content":{"rendered":"<p><img loading=\"lazy\" decoding=\"async\" class=\"aligncenter size-full wp-image-49\" src=\"http:\/\/slowlife.ludwigmuseum.hu\/wp-content\/uploads\/2020\/03\/slow_1920x1080-1.jpg\" alt=\"\" width=\"1920\" height=\"1080\" srcset=\"https:\/\/slowlife.ludwigmuseum.hu\/wp-content\/uploads\/2020\/03\/slow_1920x1080-1.jpg 1920w, https:\/\/slowlife.ludwigmuseum.hu\/wp-content\/uploads\/2020\/03\/slow_1920x1080-1-800x450.jpg 800w, https:\/\/slowlife.ludwigmuseum.hu\/wp-content\/uploads\/2020\/03\/slow_1920x1080-1-1250x703.jpg 1250w, https:\/\/slowlife.ludwigmuseum.hu\/wp-content\/uploads\/2020\/03\/slow_1920x1080-1-768x432.jpg 768w, https:\/\/slowlife.ludwigmuseum.hu\/wp-content\/uploads\/2020\/03\/slow_1920x1080-1-1536x864.jpg 1536w, https:\/\/slowlife.ludwigmuseum.hu\/wp-content\/uploads\/2020\/03\/slow_1920x1080-1-1200x675.jpg 1200w, https:\/\/slowlife.ludwigmuseum.hu\/wp-content\/uploads\/2020\/03\/slow_1920x1080-1-300x169.jpg 300w, https:\/\/slowlife.ludwigmuseum.hu\/wp-content\/uploads\/2020\/03\/slow_1920x1080-1-1024x576.jpg 1024w\" sizes=\"auto, (max-width: 1920px) 100vw, 1920px\" \/><\/p>\n","protected":false},"excerpt":{"rendered":"","protected":false},"author":1,"featured_media":0,"parent":0,"menu_order":0,"comment_status":"closed","ping_status":"closed","template":"templates\/template-home.php","meta":{"footnotes":""},"class_list":["post-42","page","type-page","status-publish","hentry"],"yoast_head":"<!-- This site is optimized with the Yoast SEO plugin v27.2 - https:\/\/yoast.com\/product\/yoast-seo-wordpress\/ -->\n<title>SLOW LIFE. Radikale Praktiken des Alltags<\/title>\n<meta name=\"description\" content=\"(Magyar) Lass\u00fa \u00e9let. Radik\u00e1lis h\u00e9tk\u00f6znapok c\u00edm\u0171 ki\u00e1ll\u00edt\u00e1s alap\u00f6tlete k\u00f6zel k\u00e9t \u00e9vvel ezel\u0151tt fogalmaz\u00f3dott meg, a koncepci\u00f3 kidolgoz\u00e1s\u00e1n \u00e9s megval\u00f3s\u00edt\u00e1s\u00e1n a Ludwig M\u00fazeum kur\u00e1tori csapata h\u00f3napok \u00f3ta dolgozik.\u202fAkkor m\u00e9g nem sejthett\u00fck, hogy a 2020 \u00e1prilis\u00e1ra tervezett, csaknem \u00f6t h\u00f3napos ki\u00e1ll\u00edt\u00e1ssal \u00e9s programsorozattal olyan t\u00e9m\u00e1kat feszeget\u00fcnk, amelyek a koronav\u00edrus okozta glob\u00e1lis Covid-19-j\u00e1rv\u00e1ny k\u00f6vetkezt\u00e9ben fenyeget\u0151en k\u00f6zeliv\u00e9 \u00e9s \u00e9get\u0151en aktu\u00e1liss\u00e1 v\u00e1lnak. A \u201elass\u00fa-\u00e9let\u201d egyik percr\u0151l a m\u00e1sikra mindennapi val\u00f3s\u00e1gg\u00e1, a glob\u00e1lis vil\u00e1g k\u00e9nyszer\u0171 m\u0171k\u00f6d\u00e9sm\u00f3dj\u00e1v\u00e1 v\u00e1ltozott.\" \/>\n<meta name=\"robots\" content=\"index, follow, max-snippet:-1, max-image-preview:large, max-video-preview:-1\" \/>\n<link rel=\"canonical\" href=\"https:\/\/slowlife.ludwigmuseum.hu\/de\/\" \/>\n<meta property=\"og:locale\" content=\"de_DE\" \/>\n<meta property=\"og:type\" content=\"article\" \/>\n<meta property=\"og:title\" content=\"SLOW LIFE. Radikale Praktiken des Alltags\" \/>\n<meta property=\"og:description\" content=\"(Magyar) Lass\u00fa \u00e9let. Radik\u00e1lis h\u00e9tk\u00f6znapok c\u00edm\u0171 ki\u00e1ll\u00edt\u00e1s alap\u00f6tlete k\u00f6zel k\u00e9t \u00e9vvel ezel\u0151tt fogalmaz\u00f3dott meg, a koncepci\u00f3 kidolgoz\u00e1s\u00e1n \u00e9s megval\u00f3s\u00edt\u00e1s\u00e1n a Ludwig M\u00fazeum kur\u00e1tori csapata h\u00f3napok \u00f3ta dolgozik.\u202fAkkor m\u00e9g nem sejthett\u00fck, hogy a 2020 \u00e1prilis\u00e1ra tervezett, csaknem \u00f6t h\u00f3napos ki\u00e1ll\u00edt\u00e1ssal \u00e9s programsorozattal olyan t\u00e9m\u00e1kat feszeget\u00fcnk, amelyek a koronav\u00edrus okozta glob\u00e1lis Covid-19-j\u00e1rv\u00e1ny k\u00f6vetkezt\u00e9ben fenyeget\u0151en k\u00f6zeliv\u00e9 \u00e9s \u00e9get\u0151en aktu\u00e1liss\u00e1 v\u00e1lnak. A \u201elass\u00fa-\u00e9let\u201d egyik percr\u0151l a m\u00e1sikra mindennapi val\u00f3s\u00e1gg\u00e1, a glob\u00e1lis vil\u00e1g k\u00e9nyszer\u0171 m\u0171k\u00f6d\u00e9sm\u00f3dj\u00e1v\u00e1 v\u00e1ltozott.\" \/>\n<meta property=\"og:url\" content=\"https:\/\/slowlife.ludwigmuseum.hu\/de\/\" \/>\n<meta property=\"og:site_name\" content=\"SLOW LIFE.\" \/>\n<meta property=\"article:modified_time\" content=\"2020-09-17T15:16:50+00:00\" \/>\n<meta property=\"og:image\" content=\"https:\/\/slowlife.ludwigmuseum.hu\/wp-content\/uploads\/2020\/04\/slowlife_1200x630.png\" \/>\n\t<meta property=\"og:image:width\" content=\"1200\" \/>\n\t<meta property=\"og:image:height\" content=\"630\" \/>\n\t<meta property=\"og:image:type\" content=\"image\/png\" \/>\n<meta name=\"twitter:card\" content=\"summary_large_image\" \/>\n<meta name=\"twitter:image\" content=\"https:\/\/slowlife.ludwigmuseum.hu\/wp-content\/uploads\/2020\/04\/slowlife_1024x512.png\" \/>\n<script type=\"application\/ld+json\" class=\"yoast-schema-graph\">{\"@context\":\"https:\/\/schema.org\",\"@graph\":[{\"@type\":\"WebPage\",\"@id\":\"https:\/\/slowlife.ludwigmuseum.hu\/de\/\",\"url\":\"https:\/\/slowlife.ludwigmuseum.hu\/de\/\",\"name\":\"SLOW LIFE. Radikale Praktiken des Alltags\",\"isPartOf\":{\"@id\":\"https:\/\/slowlife.ludwigmuseum.hu\/de\/#website\"},\"primaryImageOfPage\":{\"@id\":\"https:\/\/slowlife.ludwigmuseum.hu\/de\/#primaryimage\"},\"image\":{\"@id\":\"https:\/\/slowlife.ludwigmuseum.hu\/de\/#primaryimage\"},\"thumbnailUrl\":\"http:\/\/slowlife.ludwigmuseum.hu\/wp-content\/uploads\/2020\/03\/slow_1920x1080-1.jpg\",\"datePublished\":\"2020-03-28T23:47:52+00:00\",\"dateModified\":\"2020-09-17T15:16:50+00:00\",\"description\":\"(Magyar) Lass\u00fa \u00e9let. Radik\u00e1lis h\u00e9tk\u00f6znapok c\u00edm\u0171 ki\u00e1ll\u00edt\u00e1s alap\u00f6tlete k\u00f6zel k\u00e9t \u00e9vvel ezel\u0151tt fogalmaz\u00f3dott meg, a koncepci\u00f3 kidolgoz\u00e1s\u00e1n \u00e9s megval\u00f3s\u00edt\u00e1s\u00e1n a Ludwig M\u00fazeum kur\u00e1tori csapata h\u00f3napok \u00f3ta dolgozik.\u202fAkkor m\u00e9g nem sejthett\u00fck, hogy a 2020 \u00e1prilis\u00e1ra tervezett, csaknem \u00f6t h\u00f3napos ki\u00e1ll\u00edt\u00e1ssal \u00e9s programsorozattal olyan t\u00e9m\u00e1kat feszeget\u00fcnk, amelyek a koronav\u00edrus okozta glob\u00e1lis Covid-19-j\u00e1rv\u00e1ny k\u00f6vetkezt\u00e9ben fenyeget\u0151en k\u00f6zeliv\u00e9 \u00e9s \u00e9get\u0151en aktu\u00e1liss\u00e1 v\u00e1lnak. A \u201elass\u00fa-\u00e9let\u201d egyik percr\u0151l a m\u00e1sikra mindennapi val\u00f3s\u00e1gg\u00e1, a glob\u00e1lis vil\u00e1g k\u00e9nyszer\u0171 m\u0171k\u00f6d\u00e9sm\u00f3dj\u00e1v\u00e1 v\u00e1ltozott.\",\"breadcrumb\":{\"@id\":\"https:\/\/slowlife.ludwigmuseum.hu\/de\/#breadcrumb\"},\"inLanguage\":\"de\",\"potentialAction\":[{\"@type\":\"ReadAction\",\"target\":[\"https:\/\/slowlife.ludwigmuseum.hu\/de\/\"]}]},{\"@type\":\"ImageObject\",\"inLanguage\":\"de\",\"@id\":\"https:\/\/slowlife.ludwigmuseum.hu\/de\/#primaryimage\",\"url\":\"http:\/\/slowlife.ludwigmuseum.hu\/wp-content\/uploads\/2020\/03\/slow_1920x1080-1.jpg\",\"contentUrl\":\"http:\/\/slowlife.ludwigmuseum.hu\/wp-content\/uploads\/2020\/03\/slow_1920x1080-1.jpg\"},{\"@type\":\"BreadcrumbList\",\"@id\":\"https:\/\/slowlife.ludwigmuseum.hu\/de\/#breadcrumb\",\"itemListElement\":[{\"@type\":\"ListItem\",\"position\":1,\"name\":\"Home\",\"item\":\"https:\/\/slowlife.ludwigmuseum.hu\/de\/\"},{\"@type\":\"ListItem\",\"position\":2,\"name\":\"STARTSEITE\"}]},{\"@type\":\"WebSite\",\"@id\":\"https:\/\/slowlife.ludwigmuseum.hu\/de\/#website\",\"url\":\"https:\/\/slowlife.ludwigmuseum.hu\/de\/\",\"name\":\"SLOW LIFE.\",\"description\":\"Radikale Praktiken des Alltags\",\"potentialAction\":[{\"@type\":\"SearchAction\",\"target\":{\"@type\":\"EntryPoint\",\"urlTemplate\":\"https:\/\/slowlife.ludwigmuseum.hu\/de\/?s={search_term_string}\"},\"query-input\":{\"@type\":\"PropertyValueSpecification\",\"valueRequired\":true,\"valueName\":\"search_term_string\"}}],\"inLanguage\":\"de\"}]}<\/script>\n<!-- \/ Yoast SEO plugin. -->","yoast_head_json":{"title":"SLOW LIFE. Radikale Praktiken des Alltags","description":"(Magyar) Lass\u00fa \u00e9let. Radik\u00e1lis h\u00e9tk\u00f6znapok c\u00edm\u0171 ki\u00e1ll\u00edt\u00e1s alap\u00f6tlete k\u00f6zel k\u00e9t \u00e9vvel ezel\u0151tt fogalmaz\u00f3dott meg, a koncepci\u00f3 kidolgoz\u00e1s\u00e1n \u00e9s megval\u00f3s\u00edt\u00e1s\u00e1n a Ludwig M\u00fazeum kur\u00e1tori csapata h\u00f3napok \u00f3ta dolgozik.\u202fAkkor m\u00e9g nem sejthett\u00fck, hogy a 2020 \u00e1prilis\u00e1ra tervezett, csaknem \u00f6t h\u00f3napos ki\u00e1ll\u00edt\u00e1ssal \u00e9s programsorozattal olyan t\u00e9m\u00e1kat feszeget\u00fcnk, amelyek a koronav\u00edrus okozta glob\u00e1lis Covid-19-j\u00e1rv\u00e1ny k\u00f6vetkezt\u00e9ben fenyeget\u0151en k\u00f6zeliv\u00e9 \u00e9s \u00e9get\u0151en aktu\u00e1liss\u00e1 v\u00e1lnak. A \u201elass\u00fa-\u00e9let\u201d egyik percr\u0151l a m\u00e1sikra mindennapi val\u00f3s\u00e1gg\u00e1, a glob\u00e1lis vil\u00e1g k\u00e9nyszer\u0171 m\u0171k\u00f6d\u00e9sm\u00f3dj\u00e1v\u00e1 v\u00e1ltozott.","robots":{"index":"index","follow":"follow","max-snippet":"max-snippet:-1","max-image-preview":"max-image-preview:large","max-video-preview":"max-video-preview:-1"},"canonical":"https:\/\/slowlife.ludwigmuseum.hu\/de\/","og_locale":"de_DE","og_type":"article","og_title":"SLOW LIFE. Radikale Praktiken des Alltags","og_description":"(Magyar) Lass\u00fa \u00e9let. Radik\u00e1lis h\u00e9tk\u00f6znapok c\u00edm\u0171 ki\u00e1ll\u00edt\u00e1s alap\u00f6tlete k\u00f6zel k\u00e9t \u00e9vvel ezel\u0151tt fogalmaz\u00f3dott meg, a koncepci\u00f3 kidolgoz\u00e1s\u00e1n \u00e9s megval\u00f3s\u00edt\u00e1s\u00e1n a Ludwig M\u00fazeum kur\u00e1tori csapata h\u00f3napok \u00f3ta dolgozik.\u202fAkkor m\u00e9g nem sejthett\u00fck, hogy a 2020 \u00e1prilis\u00e1ra tervezett, csaknem \u00f6t h\u00f3napos ki\u00e1ll\u00edt\u00e1ssal \u00e9s programsorozattal olyan t\u00e9m\u00e1kat feszeget\u00fcnk, amelyek a koronav\u00edrus okozta glob\u00e1lis Covid-19-j\u00e1rv\u00e1ny k\u00f6vetkezt\u00e9ben fenyeget\u0151en k\u00f6zeliv\u00e9 \u00e9s \u00e9get\u0151en aktu\u00e1liss\u00e1 v\u00e1lnak. A \u201elass\u00fa-\u00e9let\u201d egyik percr\u0151l a m\u00e1sikra mindennapi val\u00f3s\u00e1gg\u00e1, a glob\u00e1lis vil\u00e1g k\u00e9nyszer\u0171 m\u0171k\u00f6d\u00e9sm\u00f3dj\u00e1v\u00e1 v\u00e1ltozott.","og_url":"https:\/\/slowlife.ludwigmuseum.hu\/de\/","og_site_name":"SLOW LIFE.","article_modified_time":"2020-09-17T15:16:50+00:00","og_image":[{"width":1200,"height":630,"url":"https:\/\/slowlife.ludwigmuseum.hu\/wp-content\/uploads\/2020\/04\/slowlife_1200x630.png","type":"image\/png"}],"twitter_card":"summary_large_image","twitter_image":"https:\/\/slowlife.ludwigmuseum.hu\/wp-content\/uploads\/2020\/04\/slowlife_1024x512.png","schema":{"@context":"https:\/\/schema.org","@graph":[{"@type":"WebPage","@id":"https:\/\/slowlife.ludwigmuseum.hu\/de\/","url":"https:\/\/slowlife.ludwigmuseum.hu\/de\/","name":"SLOW LIFE. Radikale Praktiken des Alltags","isPartOf":{"@id":"https:\/\/slowlife.ludwigmuseum.hu\/de\/#website"},"primaryImageOfPage":{"@id":"https:\/\/slowlife.ludwigmuseum.hu\/de\/#primaryimage"},"image":{"@id":"https:\/\/slowlife.ludwigmuseum.hu\/de\/#primaryimage"},"thumbnailUrl":"http:\/\/slowlife.ludwigmuseum.hu\/wp-content\/uploads\/2020\/03\/slow_1920x1080-1.jpg","datePublished":"2020-03-28T23:47:52+00:00","dateModified":"2020-09-17T15:16:50+00:00","description":"(Magyar) Lass\u00fa \u00e9let. Radik\u00e1lis h\u00e9tk\u00f6znapok c\u00edm\u0171 ki\u00e1ll\u00edt\u00e1s alap\u00f6tlete k\u00f6zel k\u00e9t \u00e9vvel ezel\u0151tt fogalmaz\u00f3dott meg, a koncepci\u00f3 kidolgoz\u00e1s\u00e1n \u00e9s megval\u00f3s\u00edt\u00e1s\u00e1n a Ludwig M\u00fazeum kur\u00e1tori csapata h\u00f3napok \u00f3ta dolgozik.\u202fAkkor m\u00e9g nem sejthett\u00fck, hogy a 2020 \u00e1prilis\u00e1ra tervezett, csaknem \u00f6t h\u00f3napos ki\u00e1ll\u00edt\u00e1ssal \u00e9s programsorozattal olyan t\u00e9m\u00e1kat feszeget\u00fcnk, amelyek a koronav\u00edrus okozta glob\u00e1lis Covid-19-j\u00e1rv\u00e1ny k\u00f6vetkezt\u00e9ben fenyeget\u0151en k\u00f6zeliv\u00e9 \u00e9s \u00e9get\u0151en aktu\u00e1liss\u00e1 v\u00e1lnak. A \u201elass\u00fa-\u00e9let\u201d egyik percr\u0151l a m\u00e1sikra mindennapi val\u00f3s\u00e1gg\u00e1, a glob\u00e1lis vil\u00e1g k\u00e9nyszer\u0171 m\u0171k\u00f6d\u00e9sm\u00f3dj\u00e1v\u00e1 v\u00e1ltozott.","breadcrumb":{"@id":"https:\/\/slowlife.ludwigmuseum.hu\/de\/#breadcrumb"},"inLanguage":"de","potentialAction":[{"@type":"ReadAction","target":["https:\/\/slowlife.ludwigmuseum.hu\/de\/"]}]},{"@type":"ImageObject","inLanguage":"de","@id":"https:\/\/slowlife.ludwigmuseum.hu\/de\/#primaryimage","url":"http:\/\/slowlife.ludwigmuseum.hu\/wp-content\/uploads\/2020\/03\/slow_1920x1080-1.jpg","contentUrl":"http:\/\/slowlife.ludwigmuseum.hu\/wp-content\/uploads\/2020\/03\/slow_1920x1080-1.jpg"},{"@type":"BreadcrumbList","@id":"https:\/\/slowlife.ludwigmuseum.hu\/de\/#breadcrumb","itemListElement":[{"@type":"ListItem","position":1,"name":"Home","item":"https:\/\/slowlife.ludwigmuseum.hu\/de\/"},{"@type":"ListItem","position":2,"name":"STARTSEITE"}]},{"@type":"WebSite","@id":"https:\/\/slowlife.ludwigmuseum.hu\/de\/#website","url":"https:\/\/slowlife.ludwigmuseum.hu\/de\/","name":"SLOW LIFE.","description":"Radikale Praktiken des Alltags","potentialAction":[{"@type":"SearchAction","target":{"@type":"EntryPoint","urlTemplate":"https:\/\/slowlife.ludwigmuseum.hu\/de\/?s={search_term_string}"},"query-input":{"@type":"PropertyValueSpecification","valueRequired":true,"valueName":"search_term_string"}}],"inLanguage":"de"}]}},"_links":{"self":[{"href":"https:\/\/slowlife.ludwigmuseum.hu\/de\/wp-json\/wp\/v2\/pages\/42","targetHints":{"allow":["GET"]}}],"collection":[{"href":"https:\/\/slowlife.ludwigmuseum.hu\/de\/wp-json\/wp\/v2\/pages"}],"about":[{"href":"https:\/\/slowlife.ludwigmuseum.hu\/de\/wp-json\/wp\/v2\/types\/page"}],"author":[{"embeddable":true,"href":"https:\/\/slowlife.ludwigmuseum.hu\/de\/wp-json\/wp\/v2\/users\/1"}],"replies":[{"embeddable":true,"href":"https:\/\/slowlife.ludwigmuseum.hu\/de\/wp-json\/wp\/v2\/comments?post=42"}],"version-history":[{"count":4,"href":"https:\/\/slowlife.ludwigmuseum.hu\/de\/wp-json\/wp\/v2\/pages\/42\/revisions"}],"predecessor-version":[{"id":1136,"href":"https:\/\/slowlife.ludwigmuseum.hu\/de\/wp-json\/wp\/v2\/pages\/42\/revisions\/1136"}],"wp:attachment":[{"href":"https:\/\/slowlife.ludwigmuseum.hu\/de\/wp-json\/wp\/v2\/media?parent=42"}],"curies":[{"name":"wp","href":"https:\/\/api.w.org\/{rel}","templated":true}]}}