{"id":21,"date":"2020-03-28T20:49:17","date_gmt":"2020-03-28T20:49:17","guid":{"rendered":"http:\/\/slowlife.ludwigmuseum.hu\/?page_id=21"},"modified":"2021-08-02T13:31:03","modified_gmt":"2021-08-02T13:31:03","slug":"kapcsolat","status":"publish","type":"page","link":"https:\/\/slowlife.ludwigmuseum.hu\/en\/kapcsolat\/","title":{"rendered":"Contact"},"content":{"rendered":"<p><strong>Curators<\/strong>: Petra\u00a0<span data-contrast=\"none\">Csizek<\/span><span data-contrast=\"none\">, Jan <\/span><span data-contrast=\"none\">Elantkowski<\/span><span data-contrast=\"none\">, J\u00f3zsef K\u00e9szman, Zsuzska Petr\u00f3, Vikt\u00f3ria Popo<\/span><span data-contrast=\"none\">vics, Krisztina \u00dcveges<\/span><\/p>\n<p><strong>PR and Press relations<\/strong>: Gabriella Rothman <a>rothman.gabriella@ludwigmuseum.hu<\/a><\/p>\n<p><strong>Registrar<\/strong>: Helga Gerencs\u00e9r\u2013Herendi<\/p>\n<p><strong>Social Media<\/strong>: \u00c1gnes Somogyv\u00e1ri<\/p>\n<p><strong>Online Programmes<\/strong>: N\u00f3ra Dem\u0151k<\/p>\n<p><strong>Proofreading<\/strong>: \u00c1gnes Ivacs<\/p>\n<p><strong>Translation<\/strong>: \u00c9va Havancs\u00e1k, \u00c1gnes Ivacs, Linda N\u00e9meth, D\u00e1niel Sipos<\/p>\n<p><strong>Design<\/strong>: Endre Koronczi<\/p>\n<p><strong>Web Developer<\/strong>: Andr\u00e1s Sz\u0151nyi<\/p>\n<p>\u00a9 the Artists, the Authors, the Translators and the Photographers<\/p>","protected":false},"excerpt":{"rendered":"<p>Curators: Petra\u00a0Csizek, Jan Elantkowski, J\u00f3zsef K\u00e9szman, Zsuzska Petr\u00f3, Vikt\u00f3ria Popovics, Krisztina \u00dcveges PR and Press relations: Gabriella Rothman rothman.gabriella@ludwigmuseum.hu Registrar: Helga Gerencs\u00e9r\u2013Herendi Social Media: \u00c1gnes Somogyv\u00e1ri Online Programmes: N\u00f3ra Dem\u0151k Proofreading: \u00c1gnes Ivacs Translation: \u00c9va Havancs\u00e1k, \u00c1gnes Ivacs, Linda N\u00e9meth, D\u00e1niel Sipos Design: Endre Koronczi Web Developer: Andr\u00e1s Sz\u0151nyi \u00a9 the Artists, the Authors, the [&hellip;]<\/p>\n","protected":false},"author":1,"featured_media":0,"parent":0,"menu_order":0,"comment_status":"closed","ping_status":"closed","template":"","meta":{"footnotes":""},"class_list":["post-21","page","type-page","status-publish","hentry"],"yoast_head":"<!-- This site is optimized with the Yoast SEO plugin v27.2 - https:\/\/yoast.com\/product\/yoast-seo-wordpress\/ -->\n<title>Contact - SLOW LIFE.<\/title>\n<meta name=\"robots\" content=\"index, follow, max-snippet:-1, max-image-preview:large, max-video-preview:-1\" \/>\n<link rel=\"canonical\" href=\"https:\/\/slowlife.ludwigmuseum.hu\/kapcsolat\/\" \/>\n<meta property=\"og:locale\" content=\"en_US\" \/>\n<meta property=\"og:type\" content=\"article\" \/>\n<meta property=\"og:title\" content=\"[:hu]Kapcsolat[:en]Contact[:de]Kontakt[:] - SLOW LIFE.\" \/>\n<meta property=\"og:description\" content=\"Curators: Petra\u00a0Csizek, Jan Elantkowski, J\u00f3zsef K\u00e9szman, Zsuzska Petr\u00f3, Vikt\u00f3ria Popovics, Krisztina \u00dcveges PR and Press relations: Gabriella Rothman rothman.gabriella@ludwigmuseum.hu Registrar: Helga Gerencs\u00e9r\u2013Herendi Social Media: \u00c1gnes Somogyv\u00e1ri Online Programmes: N\u00f3ra Dem\u0151k Proofreading: \u00c1gnes Ivacs Translation: \u00c9va Havancs\u00e1k, \u00c1gnes Ivacs, Linda N\u00e9meth, D\u00e1niel Sipos Design: Endre Koronczi Web Developer: Andr\u00e1s Sz\u0151nyi \u00a9 the Artists, the Authors, the [&hellip;]\" \/>\n<meta property=\"og:url\" content=\"https:\/\/slowlife.ludwigmuseum.hu\/kapcsolat\/\" \/>\n<meta property=\"og:site_name\" content=\"SLOW LIFE.\" \/>\n<meta property=\"article:modified_time\" content=\"2021-08-02T13:31:03+00:00\" \/>\n<meta property=\"og:image\" content=\"https:\/\/slowlife.ludwigmuseum.hu\/wp-content\/uploads\/2020\/04\/slowlife_1200x630.png\" \/>\n\t<meta property=\"og:image:width\" content=\"1200\" \/>\n\t<meta property=\"og:image:height\" content=\"630\" \/>\n\t<meta property=\"og:image:type\" content=\"image\/png\" \/>\n<meta name=\"twitter:card\" content=\"summary_large_image\" \/>\n<meta name=\"twitter:image\" content=\"https:\/\/slowlife.ludwigmuseum.hu\/wp-content\/uploads\/2020\/04\/slowlife_1024x512.png\" \/>\n<meta name=\"twitter:label1\" content=\"Est. reading time\" \/>\n\t<meta name=\"twitter:data1\" content=\"2 minutes\" \/>\n<script type=\"application\/ld+json\" class=\"yoast-schema-graph\">{\"@context\":\"https:\/\/schema.org\",\"@graph\":[{\"@type\":\"WebPage\",\"@id\":\"https:\/\/slowlife.ludwigmuseum.hu\/kapcsolat\/\",\"url\":\"https:\/\/slowlife.ludwigmuseum.hu\/kapcsolat\/\",\"name\":\"[:hu]Kapcsolat[:en]Contact[:de]Kontakt[:] - SLOW LIFE.\",\"isPartOf\":{\"@id\":\"https:\/\/slowlife.ludwigmuseum.hu\/de\/#website\"},\"primaryImageOfPage\":{\"@id\":\"https:\/\/slowlife.ludwigmuseum.hu\/kapcsolat\/#primaryimage\"},\"image\":{\"@id\":\"https:\/\/slowlife.ludwigmuseum.hu\/kapcsolat\/#primaryimage\"},\"thumbnailUrl\":\"http:\/\/slowlife.ludwigmuseum.hu\/wp-content\/uploads\/2020\/10\/lumu-koblenz-1-800x265.jpg\",\"datePublished\":\"2020-03-28T20:49:17+00:00\",\"dateModified\":\"2021-08-02T13:31:03+00:00\",\"breadcrumb\":{\"@id\":\"https:\/\/slowlife.ludwigmuseum.hu\/kapcsolat\/#breadcrumb\"},\"inLanguage\":\"en-US\",\"potentialAction\":[{\"@type\":\"ReadAction\",\"target\":[\"https:\/\/slowlife.ludwigmuseum.hu\/kapcsolat\/\"]}]},{\"@type\":\"ImageObject\",\"inLanguage\":\"en-US\",\"@id\":\"https:\/\/slowlife.ludwigmuseum.hu\/kapcsolat\/#primaryimage\",\"url\":\"http:\/\/slowlife.ludwigmuseum.hu\/wp-content\/uploads\/2020\/10\/lumu-koblenz-1-800x265.jpg\",\"contentUrl\":\"http:\/\/slowlife.ludwigmuseum.hu\/wp-content\/uploads\/2020\/10\/lumu-koblenz-1-800x265.jpg\"},{\"@type\":\"BreadcrumbList\",\"@id\":\"https:\/\/slowlife.ludwigmuseum.hu\/kapcsolat\/#breadcrumb\",\"itemListElement\":[{\"@type\":\"ListItem\",\"position\":1,\"name\":\"Home\",\"item\":\"https:\/\/slowlife.ludwigmuseum.hu\/de\/\"},{\"@type\":\"ListItem\",\"position\":2,\"name\":\"Kapcsolat\"}]},{\"@type\":\"WebSite\",\"@id\":\"https:\/\/slowlife.ludwigmuseum.hu\/de\/#website\",\"url\":\"https:\/\/slowlife.ludwigmuseum.hu\/de\/\",\"name\":\"SLOW LIFE.\",\"description\":\"Radical Practices of the Everyday\",\"potentialAction\":[{\"@type\":\"SearchAction\",\"target\":{\"@type\":\"EntryPoint\",\"urlTemplate\":\"https:\/\/slowlife.ludwigmuseum.hu\/de\/?s={search_term_string}\"},\"query-input\":{\"@type\":\"PropertyValueSpecification\",\"valueRequired\":true,\"valueName\":\"search_term_string\"}}],\"inLanguage\":\"en-US\"}]}<\/script>\n<!-- \/ Yoast SEO plugin. -->","yoast_head_json":{"title":"[:hu]Kapcsolat[:en]Contact[:de]Kontakt[:] - SLOW LIFE.","robots":{"index":"index","follow":"follow","max-snippet":"max-snippet:-1","max-image-preview":"max-image-preview:large","max-video-preview":"max-video-preview:-1"},"canonical":"https:\/\/slowlife.ludwigmuseum.hu\/kapcsolat\/","og_locale":"en_US","og_type":"article","og_title":"[:hu]Kapcsolat[:en]Contact[:de]Kontakt[:] - SLOW LIFE.","og_description":"Curators: Petra\u00a0Csizek, Jan Elantkowski, J\u00f3zsef K\u00e9szman, Zsuzska Petr\u00f3, Vikt\u00f3ria Popovics, Krisztina \u00dcveges PR and Press relations: Gabriella Rothman rothman.gabriella@ludwigmuseum.hu Registrar: Helga Gerencs\u00e9r\u2013Herendi Social Media: \u00c1gnes Somogyv\u00e1ri Online Programmes: N\u00f3ra Dem\u0151k Proofreading: \u00c1gnes Ivacs Translation: \u00c9va Havancs\u00e1k, \u00c1gnes Ivacs, Linda N\u00e9meth, D\u00e1niel Sipos Design: Endre Koronczi Web Developer: Andr\u00e1s Sz\u0151nyi \u00a9 the Artists, the Authors, the [&hellip;]","og_url":"https:\/\/slowlife.ludwigmuseum.hu\/kapcsolat\/","og_site_name":"SLOW LIFE.","article_modified_time":"2021-08-02T13:31:03+00:00","og_image":[{"width":1200,"height":630,"url":"https:\/\/slowlife.ludwigmuseum.hu\/wp-content\/uploads\/2020\/04\/slowlife_1200x630.png","type":"image\/png"}],"twitter_card":"summary_large_image","twitter_image":"https:\/\/slowlife.ludwigmuseum.hu\/wp-content\/uploads\/2020\/04\/slowlife_1024x512.png","twitter_misc":{"Est. reading time":"2 minutes"},"schema":{"@context":"https:\/\/schema.org","@graph":[{"@type":"WebPage","@id":"https:\/\/slowlife.ludwigmuseum.hu\/kapcsolat\/","url":"https:\/\/slowlife.ludwigmuseum.hu\/kapcsolat\/","name":"[:hu]Kapcsolat[:en]Contact[:de]Kontakt[:] - SLOW LIFE.","isPartOf":{"@id":"https:\/\/slowlife.ludwigmuseum.hu\/de\/#website"},"primaryImageOfPage":{"@id":"https:\/\/slowlife.ludwigmuseum.hu\/kapcsolat\/#primaryimage"},"image":{"@id":"https:\/\/slowlife.ludwigmuseum.hu\/kapcsolat\/#primaryimage"},"thumbnailUrl":"http:\/\/slowlife.ludwigmuseum.hu\/wp-content\/uploads\/2020\/10\/lumu-koblenz-1-800x265.jpg","datePublished":"2020-03-28T20:49:17+00:00","dateModified":"2021-08-02T13:31:03+00:00","breadcrumb":{"@id":"https:\/\/slowlife.ludwigmuseum.hu\/kapcsolat\/#breadcrumb"},"inLanguage":"en-US","potentialAction":[{"@type":"ReadAction","target":["https:\/\/slowlife.ludwigmuseum.hu\/kapcsolat\/"]}]},{"@type":"ImageObject","inLanguage":"en-US","@id":"https:\/\/slowlife.ludwigmuseum.hu\/kapcsolat\/#primaryimage","url":"http:\/\/slowlife.ludwigmuseum.hu\/wp-content\/uploads\/2020\/10\/lumu-koblenz-1-800x265.jpg","contentUrl":"http:\/\/slowlife.ludwigmuseum.hu\/wp-content\/uploads\/2020\/10\/lumu-koblenz-1-800x265.jpg"},{"@type":"BreadcrumbList","@id":"https:\/\/slowlife.ludwigmuseum.hu\/kapcsolat\/#breadcrumb","itemListElement":[{"@type":"ListItem","position":1,"name":"Home","item":"https:\/\/slowlife.ludwigmuseum.hu\/de\/"},{"@type":"ListItem","position":2,"name":"Kapcsolat"}]},{"@type":"WebSite","@id":"https:\/\/slowlife.ludwigmuseum.hu\/de\/#website","url":"https:\/\/slowlife.ludwigmuseum.hu\/de\/","name":"SLOW LIFE.","description":"Radical Practices of the Everyday","potentialAction":[{"@type":"SearchAction","target":{"@type":"EntryPoint","urlTemplate":"https:\/\/slowlife.ludwigmuseum.hu\/de\/?s={search_term_string}"},"query-input":{"@type":"PropertyValueSpecification","valueRequired":true,"valueName":"search_term_string"}}],"inLanguage":"en-US"}]}},"_links":{"self":[{"href":"https:\/\/slowlife.ludwigmuseum.hu\/en\/wp-json\/wp\/v2\/pages\/21","targetHints":{"allow":["GET"]}}],"collection":[{"href":"https:\/\/slowlife.ludwigmuseum.hu\/en\/wp-json\/wp\/v2\/pages"}],"about":[{"href":"https:\/\/slowlife.ludwigmuseum.hu\/en\/wp-json\/wp\/v2\/types\/page"}],"author":[{"embeddable":true,"href":"https:\/\/slowlife.ludwigmuseum.hu\/en\/wp-json\/wp\/v2\/users\/1"}],"replies":[{"embeddable":true,"href":"https:\/\/slowlife.ludwigmuseum.hu\/en\/wp-json\/wp\/v2\/comments?post=21"}],"version-history":[{"count":13,"href":"https:\/\/slowlife.ludwigmuseum.hu\/en\/wp-json\/wp\/v2\/pages\/21\/revisions"}],"predecessor-version":[{"id":1568,"href":"https:\/\/slowlife.ludwigmuseum.hu\/en\/wp-json\/wp\/v2\/pages\/21\/revisions\/1568"}],"wp:attachment":[{"href":"https:\/\/slowlife.ludwigmuseum.hu\/en\/wp-json\/wp\/v2\/media?parent=21"}],"curies":[{"name":"wp","href":"https:\/\/api.w.org\/{rel}","templated":true}]}}